{"id":1682,"date":"2019-06-26T20:14:18","date_gmt":"2019-06-26T20:14:18","guid":{"rendered":"http:\/\/geofence.pl\/?page_id=1682"},"modified":"2019-09-10T08:39:48","modified_gmt":"2019-09-10T08:39:48","slug":"slupy-ogrodzeniowe-i-akcesoria-do-slupow","status":"publish","type":"page","link":"https:\/\/geofence.pl\/old_geofence\/produkty\/slupy-ogrodzeniowe-i-akcesoria-do-slupow\/","title":{"rendered":"S\u0142upy ogrodzeniowe i akcesoria do s\u0142up\u00f3w"},"content":{"rendered":"<p>[vc_row][vc_column][vc_column_text]S\u0142upy ogrodzeniowe i akcesoria do s\u0142up\u00f3w<\/p>\n<p>Oferujemy:<\/p>\n<ol>\n<li>S\u0142upy ogrodzeniowe g\u0142adkie (40 mm x 60 mm, 80 mm x80 mm)<\/li>\n<li>S\u0142upy okr\u0105g\u0142e<\/li>\n<li>S\u0142upy do bram i furtek (60 mm x 60 mm, 80 mm x 80 mm, 100 mm x 100 mm, 120 mm x 120 mm)<\/li>\n<li>S\u0142upy do palisad (60 mm x 60 mm)<\/li>\n<li>Profile do wype\u0142nie\u0144 ogrodze\u0144 (60 mm x 20 mm, 80 mm x 20 mm, 100 mm x 20 mm)<\/li>\n<li>S\u0142upy do gabion\u00f3w<\/li>\n<\/ol>\n<p>i wiele innych na indywidualne zapytanie[\/vc_column_text][vc_gallery type=&#8221;image_grid&#8221; images=&#8221;1730,1731,1732,1733,1734,1735,1736,1737,1738,1739,1740,1741,1742,1743,1744,1745,1746,1747,1748,1749,1750,1751,1752,1753,1754,1755,1756,1757,1758,1759,1760,1761&#8243; img_size=&#8221;292&#215;292&#8243;]<div class=\"themesflat-portfolio clearfix no\"><div class=\"portfolio-container  grid one-three \" data-item=\"3\" data-margin=\"30\"><div class=\"item portfolio-item slupy-ogrodzeniowe-i-akcesoria-do-slupow \"><div class=\"wrap-border portfolio-wrap\"><div class=\"featured-post \"><a><img src=\"https:\/\/geofence.pl\/old_geofence\/wp-content\/uploads\/2019\/06\/slupy_zenturo_do_gabionow_11.jpg\" alt=\"S\u0142upy Zenturo do murk\u00f3w gabionowych\"><\/a><\/div><div class=\"portfolio-info\"><div class=\"portfolio-info-wrap\"><div class=\"portfolio-title\"><a title=\"S\u0142upy Zenturo do murk\u00f3w gabionowych\" href=\"https:\/\/geofence.pl\/old_geofence\/produkty\/slupy-ogrodzeniowe-i-akcesoria-do-slupow\/slupy-zenturo-do-murkow-gabionowych\/\">S\u0142upy Zenturo do murk\u00f3w gabionowych<\/a><\/div><div class=\"portfolio-categories\"><a href=\"https:\/\/geofence.pl\/old_geofence\/portfolios_category\/slupy-ogrodzeniowe-i-akcesoria-do-slupow\/\" rel=\"tag\">S\u0142upy ogrodzeniowe i akcesoria do s\u0142up\u00f3w<\/a><\/div><\/div><div class=\"portfolio-info-icon\">\r\n            <ul class=\"portfolio-link\">\r\n                <li class=\"icon\"><a class=\"popup-gallery\" href=\"https:\/\/geofence.pl\/old_geofence\/wp-content\/uploads\/2019\/06\/slupy_zenturo_do_gabionow_11-300x300.jpg\" data-rel=\"lightbox-image-0\" data-rl_title=\"\" data-rl_caption=\"\" title=\"\"><span><i class=\"fa fa-search\"><\/i><\/span><\/a><\/li>\r\n                <li class=\"icon\"><a href=\"https:\/\/geofence.pl\/old_geofence\/produkty\/slupy-ogrodzeniowe-i-akcesoria-do-slupow\/slupy-zenturo-do-murkow-gabionowych\/\"><span><i class=\"fa fa-link\"><\/i><\/span><\/a><\/li>\r\n            <\/ul>\r\n        <\/div><\/div><\/div><\/div><div class=\"item portfolio-item slupy-ogrodzeniowe-i-akcesoria-do-slupow \"><div class=\"wrap-border portfolio-wrap\"><div class=\"featured-post \"><a><img src=\"https:\/\/geofence.pl\/old_geofence\/wp-content\/uploads\/2019\/06\/slupy_quixolid-570x570.jpg\" alt=\"S\u0142upy Quixolid Plus\"><\/a><\/div><div class=\"portfolio-info\"><div class=\"portfolio-info-wrap\"><div class=\"portfolio-title\"><a title=\"S\u0142upy Quixolid Plus\" href=\"https:\/\/geofence.pl\/old_geofence\/produkty\/slupy-ogrodzeniowe-i-akcesoria-do-slupow\/slupy-quixolid-plus\/\">S\u0142upy Quixolid Plus<\/a><\/div><div class=\"portfolio-categories\"><a href=\"https:\/\/geofence.pl\/old_geofence\/portfolios_category\/slupy-ogrodzeniowe-i-akcesoria-do-slupow\/\" rel=\"tag\">S\u0142upy ogrodzeniowe i akcesoria do s\u0142up\u00f3w<\/a><\/div><\/div><div class=\"portfolio-info-icon\">\r\n            <ul class=\"portfolio-link\">\r\n                <li class=\"icon\"><a class=\"popup-gallery\" href=\"https:\/\/geofence.pl\/old_geofence\/wp-content\/uploads\/2019\/06\/slupy_quixolid-300x300.jpg\" data-rel=\"lightbox-image-1\" data-rl_title=\"\" data-rl_caption=\"\" title=\"\"><span><i class=\"fa fa-search\"><\/i><\/span><\/a><\/li>\r\n                <li class=\"icon\"><a href=\"https:\/\/geofence.pl\/old_geofence\/produkty\/slupy-ogrodzeniowe-i-akcesoria-do-slupow\/slupy-quixolid-plus\/\"><span><i class=\"fa fa-link\"><\/i><\/span><\/a><\/li>\r\n            <\/ul>\r\n        <\/div><\/div><\/div><\/div><div class=\"item portfolio-item slupy-ogrodzeniowe-i-akcesoria-do-slupow \"><div class=\"wrap-border portfolio-wrap\"><div class=\"featured-post \"><a><img src=\"https:\/\/geofence.pl\/old_geofence\/wp-content\/uploads\/2019\/06\/slupy_securifor-570x570.jpg\" alt=\"S\u0142upy prostok\u0105tne Securifor\"><\/a><\/div><div class=\"portfolio-info\"><div class=\"portfolio-info-wrap\"><div class=\"portfolio-title\"><a title=\"S\u0142upy prostok\u0105tne Securifor\" href=\"https:\/\/geofence.pl\/old_geofence\/produkty\/slupy-ogrodzeniowe-i-akcesoria-do-slupow\/slupy-prostokatne-securifor\/\">S\u0142upy prostok\u0105tne Securifor<\/a><\/div><div class=\"portfolio-categories\"><a href=\"https:\/\/geofence.pl\/old_geofence\/portfolios_category\/slupy-ogrodzeniowe-i-akcesoria-do-slupow\/\" rel=\"tag\">S\u0142upy ogrodzeniowe i akcesoria do s\u0142up\u00f3w<\/a><\/div><\/div><div class=\"portfolio-info-icon\">\r\n            <ul class=\"portfolio-link\">\r\n                <li class=\"icon\"><a class=\"popup-gallery\" href=\"https:\/\/geofence.pl\/old_geofence\/wp-content\/uploads\/2019\/06\/slupy_securifor-300x300.jpg\" data-rel=\"lightbox-image-2\" data-rl_title=\"\" data-rl_caption=\"\" title=\"\"><span><i class=\"fa fa-search\"><\/i><\/span><\/a><\/li>\r\n                <li class=\"icon\"><a href=\"https:\/\/geofence.pl\/old_geofence\/produkty\/slupy-ogrodzeniowe-i-akcesoria-do-slupow\/slupy-prostokatne-securifor\/\"><span><i class=\"fa fa-link\"><\/i><\/span><\/a><\/li>\r\n            <\/ul>\r\n        <\/div><\/div><\/div><\/div><div class=\"item portfolio-item slupy-ogrodzeniowe-i-akcesoria-do-slupow \"><div class=\"wrap-border portfolio-wrap\"><div class=\"featured-post \"><a><img src=\"https:\/\/geofence.pl\/old_geofence\/wp-content\/uploads\/2019\/06\/slupy_o-lox-570x570.jpg\" alt=\"S\u0142upy O-LOX\"><\/a><\/div><div class=\"portfolio-info\"><div class=\"portfolio-info-wrap\"><div class=\"portfolio-title\"><a title=\"S\u0142upy O-LOX\" href=\"https:\/\/geofence.pl\/old_geofence\/produkty\/slupy-ogrodzeniowe-i-akcesoria-do-slupow\/slupy-o-lox\/\">S\u0142upy O-LOX<\/a><\/div><div class=\"portfolio-categories\"><a href=\"https:\/\/geofence.pl\/old_geofence\/portfolios_category\/slupy-ogrodzeniowe-i-akcesoria-do-slupow\/\" rel=\"tag\">S\u0142upy ogrodzeniowe i akcesoria do s\u0142up\u00f3w<\/a><\/div><\/div><div class=\"portfolio-info-icon\">\r\n            <ul class=\"portfolio-link\">\r\n                <li class=\"icon\"><a class=\"popup-gallery\" href=\"https:\/\/geofence.pl\/old_geofence\/wp-content\/uploads\/2019\/06\/slupy_o-lox-300x300.jpg\" data-rel=\"lightbox-image-3\" data-rl_title=\"\" data-rl_caption=\"\" title=\"\"><span><i class=\"fa fa-search\"><\/i><\/span><\/a><\/li>\r\n                <li class=\"icon\"><a href=\"https:\/\/geofence.pl\/old_geofence\/produkty\/slupy-ogrodzeniowe-i-akcesoria-do-slupow\/slupy-o-lox\/\"><span><i class=\"fa fa-link\"><\/i><\/span><\/a><\/li>\r\n            <\/ul>\r\n        <\/div><\/div><\/div><\/div><div class=\"item portfolio-item slupy-ogrodzeniowe-i-akcesoria-do-slupow \"><div class=\"wrap-border portfolio-wrap\"><div class=\"featured-post \"><a><img src=\"https:\/\/geofence.pl\/old_geofence\/wp-content\/uploads\/2019\/06\/slupy_decofor-570x570.jpg\" alt=\"S\u0142upy Decofor\"><\/a><\/div><div class=\"portfolio-info\"><div class=\"portfolio-info-wrap\"><div class=\"portfolio-title\"><a title=\"S\u0142upy Decofor\" href=\"https:\/\/geofence.pl\/old_geofence\/produkty\/slupy-ogrodzeniowe-i-akcesoria-do-slupow\/slupy-decofor\/\">S\u0142upy Decofor<\/a><\/div><div class=\"portfolio-categories\"><a href=\"https:\/\/geofence.pl\/old_geofence\/portfolios_category\/slupy-ogrodzeniowe-i-akcesoria-do-slupow\/\" rel=\"tag\">S\u0142upy ogrodzeniowe i akcesoria do s\u0142up\u00f3w<\/a><\/div><\/div><div class=\"portfolio-info-icon\">\r\n            <ul class=\"portfolio-link\">\r\n                <li class=\"icon\"><a class=\"popup-gallery\" href=\"https:\/\/geofence.pl\/old_geofence\/wp-content\/uploads\/2019\/06\/slupy_decofor-300x300.jpg\" data-rel=\"lightbox-image-4\" data-rl_title=\"\" data-rl_caption=\"\" title=\"\"><span><i class=\"fa fa-search\"><\/i><\/span><\/a><\/li>\r\n                <li class=\"icon\"><a href=\"https:\/\/geofence.pl\/old_geofence\/produkty\/slupy-ogrodzeniowe-i-akcesoria-do-slupow\/slupy-decofor\/\"><span><i class=\"fa fa-link\"><\/i><\/span><\/a><\/li>\r\n            <\/ul>\r\n        <\/div><\/div><\/div><\/div><div class=\"item portfolio-item slupy-ogrodzeniowe-i-akcesoria-do-slupow \"><div class=\"wrap-border portfolio-wrap\"><div class=\"featured-post \"><a><img src=\"https:\/\/geofence.pl\/old_geofence\/wp-content\/uploads\/2019\/06\/D-LOX_11111.jpg\" alt=\"S\u0142upy D-LOX\"><\/a><\/div><div class=\"portfolio-info\"><div class=\"portfolio-info-wrap\"><div class=\"portfolio-title\"><a title=\"S\u0142upy D-LOX\" href=\"https:\/\/geofence.pl\/old_geofence\/produkty\/slupy-ogrodzeniowe-i-akcesoria-do-slupow\/slupy-d-lox\/\">S\u0142upy D-LOX<\/a><\/div><div class=\"portfolio-categories\"><a href=\"https:\/\/geofence.pl\/old_geofence\/portfolios_category\/slupy-ogrodzeniowe-i-akcesoria-do-slupow\/\" rel=\"tag\">S\u0142upy ogrodzeniowe i akcesoria do s\u0142up\u00f3w<\/a><\/div><\/div><div class=\"portfolio-info-icon\">\r\n            <ul class=\"portfolio-link\">\r\n                <li class=\"icon\"><a class=\"popup-gallery\" href=\"https:\/\/geofence.pl\/old_geofence\/wp-content\/uploads\/2019\/06\/D-LOX_11111-300x300.jpg\" data-rel=\"lightbox-image-5\" data-rl_title=\"\" data-rl_caption=\"\" title=\"\"><span><i class=\"fa fa-search\"><\/i><\/span><\/a><\/li>\r\n                <li class=\"icon\"><a href=\"https:\/\/geofence.pl\/old_geofence\/produkty\/slupy-ogrodzeniowe-i-akcesoria-do-slupow\/slupy-d-lox\/\"><span><i class=\"fa fa-link\"><\/i><\/span><\/a><\/li>\r\n            <\/ul>\r\n        <\/div><\/div><\/div><\/div><div class=\"item portfolio-item slupy-ogrodzeniowe-i-akcesoria-do-slupow \"><div class=\"wrap-border portfolio-wrap\"><div class=\"featured-post \"><a><img src=\"https:\/\/geofence.pl\/old_geofence\/wp-content\/uploads\/2019\/06\/slupy_bekasecure-570x570.jpg\" alt=\"S\u0142upy Bekasecure\"><\/a><\/div><div class=\"portfolio-info\"><div class=\"portfolio-info-wrap\"><div class=\"portfolio-title\"><a title=\"S\u0142upy Bekasecure\" href=\"https:\/\/geofence.pl\/old_geofence\/produkty\/slupy-ogrodzeniowe-i-akcesoria-do-slupow\/slupy-bekasecure\/\">S\u0142upy Bekasecure<\/a><\/div><div class=\"portfolio-categories\"><a href=\"https:\/\/geofence.pl\/old_geofence\/portfolios_category\/slupy-ogrodzeniowe-i-akcesoria-do-slupow\/\" rel=\"tag\">S\u0142upy ogrodzeniowe i akcesoria do s\u0142up\u00f3w<\/a><\/div><\/div><div class=\"portfolio-info-icon\">\r\n            <ul class=\"portfolio-link\">\r\n                <li class=\"icon\"><a class=\"popup-gallery\" href=\"https:\/\/geofence.pl\/old_geofence\/wp-content\/uploads\/2019\/06\/slupy_bekasecure-300x300.jpg\" data-rel=\"lightbox-image-6\" data-rl_title=\"\" data-rl_caption=\"\" title=\"\"><span><i class=\"fa fa-search\"><\/i><\/span><\/a><\/li>\r\n                <li class=\"icon\"><a href=\"https:\/\/geofence.pl\/old_geofence\/produkty\/slupy-ogrodzeniowe-i-akcesoria-do-slupow\/slupy-bekasecure\/\"><span><i class=\"fa fa-link\"><\/i><\/span><\/a><\/li>\r\n            <\/ul>\r\n        <\/div><\/div><\/div><\/div><div class=\"item portfolio-item slupy-ogrodzeniowe-i-akcesoria-do-slupow \"><div class=\"wrap-border portfolio-wrap\"><div class=\"featured-post \"><a><img src=\"https:\/\/geofence.pl\/old_geofence\/wp-content\/uploads\/2019\/06\/slupy_bekafix_111-570x570.jpg\" alt=\"S\u0142upy Bekafix\"><\/a><\/div><div class=\"portfolio-info\"><div class=\"portfolio-info-wrap\"><div class=\"portfolio-title\"><a title=\"S\u0142upy Bekafix\" href=\"https:\/\/geofence.pl\/old_geofence\/produkty\/slupy-ogrodzeniowe-i-akcesoria-do-slupow\/slupy-bekafix\/\">S\u0142upy Bekafix<\/a><\/div><div class=\"portfolio-categories\"><a href=\"https:\/\/geofence.pl\/old_geofence\/portfolios_category\/slupy-ogrodzeniowe-i-akcesoria-do-slupow\/\" rel=\"tag\">S\u0142upy ogrodzeniowe i akcesoria do s\u0142up\u00f3w<\/a><\/div><\/div><div class=\"portfolio-info-icon\">\r\n            <ul class=\"portfolio-link\">\r\n                <li class=\"icon\"><a class=\"popup-gallery\" href=\"https:\/\/geofence.pl\/old_geofence\/wp-content\/uploads\/2019\/06\/slupy_bekafix_111-300x300.jpg\" data-rel=\"lightbox-image-7\" data-rl_title=\"\" data-rl_caption=\"\" title=\"\"><span><i class=\"fa fa-search\"><\/i><\/span><\/a><\/li>\r\n                <li class=\"icon\"><a href=\"https:\/\/geofence.pl\/old_geofence\/produkty\/slupy-ogrodzeniowe-i-akcesoria-do-slupow\/slupy-bekafix\/\"><span><i class=\"fa fa-link\"><\/i><\/span><\/a><\/li>\r\n            <\/ul>\r\n        <\/div><\/div><\/div><\/div><div class=\"item portfolio-item slupy-ogrodzeniowe-i-akcesoria-do-slupow \"><div class=\"wrap-border portfolio-wrap\"><div class=\"featured-post \"><a><img src=\"https:\/\/geofence.pl\/old_geofence\/wp-content\/uploads\/2019\/06\/slupy_bekaclip_2-570x500.jpg\" alt=\"S\u0142upy Bekaclip\"><\/a><\/div><div class=\"portfolio-info\"><div class=\"portfolio-info-wrap\"><div class=\"portfolio-title\"><a title=\"S\u0142upy Bekaclip\" href=\"https:\/\/geofence.pl\/old_geofence\/produkty\/slupy-ogrodzeniowe-i-akcesoria-do-slupow\/slupy-bekaclip\/\">S\u0142upy Bekaclip<\/a><\/div><div class=\"portfolio-categories\"><a href=\"https:\/\/geofence.pl\/old_geofence\/portfolios_category\/slupy-ogrodzeniowe-i-akcesoria-do-slupow\/\" rel=\"tag\">S\u0142upy ogrodzeniowe i akcesoria do s\u0142up\u00f3w<\/a><\/div><\/div><div class=\"portfolio-info-icon\">\r\n            <ul class=\"portfolio-link\">\r\n                <li class=\"icon\"><a class=\"popup-gallery\" href=\"https:\/\/geofence.pl\/old_geofence\/wp-content\/uploads\/2019\/06\/slupy_bekaclip_2-300x300.jpg\" data-rel=\"lightbox-image-8\" data-rl_title=\"\" data-rl_caption=\"\" title=\"\"><span><i class=\"fa fa-search\"><\/i><\/span><\/a><\/li>\r\n                <li class=\"icon\"><a href=\"https:\/\/geofence.pl\/old_geofence\/produkty\/slupy-ogrodzeniowe-i-akcesoria-do-slupow\/slupy-bekaclip\/\"><span><i class=\"fa fa-link\"><\/i><\/span><\/a><\/li>\r\n            <\/ul>\r\n        <\/div><\/div><\/div><\/div><\/div><\/div>[\/vc_column][\/vc_row]<\/p>\n","protected":false},"excerpt":{"rendered":"<p>[vc_row][vc_column][vc_column_text]S\u0142upy ogrodzeniowe i akcesoria do s\u0142up\u00f3w Oferujemy: S\u0142upy ogrodzeniowe g\u0142adkie (40 mm x 60 mm, 80 mm x80 mm) S\u0142upy okr\u0105g\u0142e S\u0142upy do bram i furtek (60 mm x 60 mm, 80 mm x 80 mm, 100 mm x 100 mm, 120 mm x 120 mm) S\u0142upy do palisad (60 mm x 60 mm) Profile do wype\u0142nie\u0144 [&hellip;]<\/p>\n","protected":false},"author":1,"featured_media":0,"parent":545,"menu_order":0,"comment_status":"closed","ping_status":"closed","template":"","meta":{"spay_email":""},"yoast_head":"<!-- This site is optimized with the Yoast SEO plugin v18.4.1 - https:\/\/yoast.com\/wordpress\/plugins\/seo\/ -->\n<title>S\u0142upy ogrodzeniowe i akcesoria do s\u0142up\u00f3w - www.geofence.pl<\/title>\n<meta name=\"robots\" content=\"index, follow, max-snippet:-1, max-image-preview:large, max-video-preview:-1\" \/>\n<link rel=\"canonical\" href=\"https:\/\/geofence.pl\/old_geofence\/produkty\/slupy-ogrodzeniowe-i-akcesoria-do-slupow\/\" \/>\n<meta property=\"og:locale\" content=\"pl_PL\" \/>\n<meta property=\"og:type\" content=\"article\" \/>\n<meta property=\"og:title\" content=\"S\u0142upy ogrodzeniowe i akcesoria do s\u0142up\u00f3w - www.geofence.pl\" \/>\n<meta property=\"og:description\" content=\"[vc_row][vc_column][vc_column_text]S\u0142upy ogrodzeniowe i akcesoria do s\u0142up\u00f3w Oferujemy: S\u0142upy ogrodzeniowe g\u0142adkie (40 mm x 60 mm, 80 mm x80 mm) S\u0142upy okr\u0105g\u0142e S\u0142upy do bram i furtek (60 mm x 60 mm, 80 mm x 80 mm, 100 mm x 100 mm, 120 mm x 120 mm) S\u0142upy do palisad (60 mm x 60 mm) Profile do wype\u0142nie\u0144 [&hellip;]\" \/>\n<meta property=\"og:url\" content=\"https:\/\/geofence.pl\/old_geofence\/produkty\/slupy-ogrodzeniowe-i-akcesoria-do-slupow\/\" \/>\n<meta property=\"og:site_name\" content=\"www.geofence.pl\" \/>\n<meta property=\"article:modified_time\" content=\"2019-09-10T08:39:48+00:00\" \/>\n<meta name=\"twitter:card\" content=\"summary_large_image\" \/>\n<meta name=\"twitter:label1\" content=\"Szacowany czas czytania\" \/>\n\t<meta name=\"twitter:data1\" content=\"1 minuta\" \/>\n<script type=\"application\/ld+json\" class=\"yoast-schema-graph\">{\"@context\":\"https:\/\/schema.org\",\"@graph\":[{\"@type\":\"Organization\",\"@id\":\"https:\/\/geofence.pl\/old_geofence\/#organization\",\"name\":\"Robert Jordan GEO-ODWIERT Przedsi\u0119biorstwo Geologiczno-Wiertnicze\",\"url\":\"https:\/\/geofence.pl\/old_geofence\/\",\"sameAs\":[],\"logo\":{\"@type\":\"ImageObject\",\"@id\":\"https:\/\/geofence.pl\/old_geofence\/#logo\",\"inLanguage\":\"pl-PL\",\"url\":\"https:\/\/geofence.pl\/wp-content\/uploads\/2019\/06\/geo-fence-1.jpg\",\"contentUrl\":\"https:\/\/geofence.pl\/wp-content\/uploads\/2019\/06\/geo-fence-1.jpg\",\"width\":412,\"height\":167,\"caption\":\"Robert Jordan GEO-ODWIERT Przedsi\u0119biorstwo Geologiczno-Wiertnicze\"},\"image\":{\"@id\":\"https:\/\/geofence.pl\/old_geofence\/#logo\"}},{\"@type\":\"WebSite\",\"@id\":\"https:\/\/geofence.pl\/old_geofence\/#website\",\"url\":\"https:\/\/geofence.pl\/old_geofence\/\",\"name\":\"www.geofence.pl\",\"description\":\"Dystrybutor ze \u015al\u0105ska, oferujemy produkty marki Betafence\",\"publisher\":{\"@id\":\"https:\/\/geofence.pl\/old_geofence\/#organization\"},\"potentialAction\":[{\"@type\":\"SearchAction\",\"target\":{\"@type\":\"EntryPoint\",\"urlTemplate\":\"https:\/\/geofence.pl\/old_geofence\/?s={search_term_string}\"},\"query-input\":\"required name=search_term_string\"}],\"inLanguage\":\"pl-PL\"},{\"@type\":\"WebPage\",\"@id\":\"https:\/\/geofence.pl\/old_geofence\/produkty\/slupy-ogrodzeniowe-i-akcesoria-do-slupow\/#webpage\",\"url\":\"https:\/\/geofence.pl\/old_geofence\/produkty\/slupy-ogrodzeniowe-i-akcesoria-do-slupow\/\",\"name\":\"S\u0142upy ogrodzeniowe i akcesoria do s\u0142up\u00f3w - www.geofence.pl\",\"isPartOf\":{\"@id\":\"https:\/\/geofence.pl\/old_geofence\/#website\"},\"datePublished\":\"2019-06-26T20:14:18+00:00\",\"dateModified\":\"2019-09-10T08:39:48+00:00\",\"breadcrumb\":{\"@id\":\"https:\/\/geofence.pl\/old_geofence\/produkty\/slupy-ogrodzeniowe-i-akcesoria-do-slupow\/#breadcrumb\"},\"inLanguage\":\"pl-PL\",\"potentialAction\":[{\"@type\":\"ReadAction\",\"target\":[\"https:\/\/geofence.pl\/old_geofence\/produkty\/slupy-ogrodzeniowe-i-akcesoria-do-slupow\/\"]}]},{\"@type\":\"BreadcrumbList\",\"@id\":\"https:\/\/geofence.pl\/old_geofence\/produkty\/slupy-ogrodzeniowe-i-akcesoria-do-slupow\/#breadcrumb\",\"itemListElement\":[{\"@type\":\"ListItem\",\"position\":1,\"name\":\"Strona g\u0142\u00f3wna\",\"item\":\"https:\/\/geofence.pl\/old_geofence\/\"},{\"@type\":\"ListItem\",\"position\":2,\"name\":\"Produkty\",\"item\":\"https:\/\/geofence.pl\/old_geofence\/produkty\/\"},{\"@type\":\"ListItem\",\"position\":3,\"name\":\"S\u0142upy ogrodzeniowe i akcesoria do s\u0142up\u00f3w\"}]}]}<\/script>\n<!-- \/ Yoast SEO plugin. -->","yoast_head_json":{"title":"S\u0142upy ogrodzeniowe i akcesoria do s\u0142up\u00f3w - www.geofence.pl","robots":{"index":"index","follow":"follow","max-snippet":"max-snippet:-1","max-image-preview":"max-image-preview:large","max-video-preview":"max-video-preview:-1"},"canonical":"https:\/\/geofence.pl\/old_geofence\/produkty\/slupy-ogrodzeniowe-i-akcesoria-do-slupow\/","og_locale":"pl_PL","og_type":"article","og_title":"S\u0142upy ogrodzeniowe i akcesoria do s\u0142up\u00f3w - www.geofence.pl","og_description":"[vc_row][vc_column][vc_column_text]S\u0142upy ogrodzeniowe i akcesoria do s\u0142up\u00f3w Oferujemy: S\u0142upy ogrodzeniowe g\u0142adkie (40 mm x 60 mm, 80 mm x80 mm) S\u0142upy okr\u0105g\u0142e S\u0142upy do bram i furtek (60 mm x 60 mm, 80 mm x 80 mm, 100 mm x 100 mm, 120 mm x 120 mm) S\u0142upy do palisad (60 mm x 60 mm) Profile do wype\u0142nie\u0144 [&hellip;]","og_url":"https:\/\/geofence.pl\/old_geofence\/produkty\/slupy-ogrodzeniowe-i-akcesoria-do-slupow\/","og_site_name":"www.geofence.pl","article_modified_time":"2019-09-10T08:39:48+00:00","twitter_card":"summary_large_image","twitter_misc":{"Szacowany czas czytania":"1 minuta"},"schema":{"@context":"https:\/\/schema.org","@graph":[{"@type":"Organization","@id":"https:\/\/geofence.pl\/old_geofence\/#organization","name":"Robert Jordan GEO-ODWIERT Przedsi\u0119biorstwo Geologiczno-Wiertnicze","url":"https:\/\/geofence.pl\/old_geofence\/","sameAs":[],"logo":{"@type":"ImageObject","@id":"https:\/\/geofence.pl\/old_geofence\/#logo","inLanguage":"pl-PL","url":"https:\/\/geofence.pl\/wp-content\/uploads\/2019\/06\/geo-fence-1.jpg","contentUrl":"https:\/\/geofence.pl\/wp-content\/uploads\/2019\/06\/geo-fence-1.jpg","width":412,"height":167,"caption":"Robert Jordan GEO-ODWIERT Przedsi\u0119biorstwo Geologiczno-Wiertnicze"},"image":{"@id":"https:\/\/geofence.pl\/old_geofence\/#logo"}},{"@type":"WebSite","@id":"https:\/\/geofence.pl\/old_geofence\/#website","url":"https:\/\/geofence.pl\/old_geofence\/","name":"www.geofence.pl","description":"Dystrybutor ze \u015al\u0105ska, oferujemy produkty marki Betafence","publisher":{"@id":"https:\/\/geofence.pl\/old_geofence\/#organization"},"potentialAction":[{"@type":"SearchAction","target":{"@type":"EntryPoint","urlTemplate":"https:\/\/geofence.pl\/old_geofence\/?s={search_term_string}"},"query-input":"required name=search_term_string"}],"inLanguage":"pl-PL"},{"@type":"WebPage","@id":"https:\/\/geofence.pl\/old_geofence\/produkty\/slupy-ogrodzeniowe-i-akcesoria-do-slupow\/#webpage","url":"https:\/\/geofence.pl\/old_geofence\/produkty\/slupy-ogrodzeniowe-i-akcesoria-do-slupow\/","name":"S\u0142upy ogrodzeniowe i akcesoria do s\u0142up\u00f3w - www.geofence.pl","isPartOf":{"@id":"https:\/\/geofence.pl\/old_geofence\/#website"},"datePublished":"2019-06-26T20:14:18+00:00","dateModified":"2019-09-10T08:39:48+00:00","breadcrumb":{"@id":"https:\/\/geofence.pl\/old_geofence\/produkty\/slupy-ogrodzeniowe-i-akcesoria-do-slupow\/#breadcrumb"},"inLanguage":"pl-PL","potentialAction":[{"@type":"ReadAction","target":["https:\/\/geofence.pl\/old_geofence\/produkty\/slupy-ogrodzeniowe-i-akcesoria-do-slupow\/"]}]},{"@type":"BreadcrumbList","@id":"https:\/\/geofence.pl\/old_geofence\/produkty\/slupy-ogrodzeniowe-i-akcesoria-do-slupow\/#breadcrumb","itemListElement":[{"@type":"ListItem","position":1,"name":"Strona g\u0142\u00f3wna","item":"https:\/\/geofence.pl\/old_geofence\/"},{"@type":"ListItem","position":2,"name":"Produkty","item":"https:\/\/geofence.pl\/old_geofence\/produkty\/"},{"@type":"ListItem","position":3,"name":"S\u0142upy ogrodzeniowe i akcesoria do s\u0142up\u00f3w"}]}]}},"_links":{"self":[{"href":"https:\/\/geofence.pl\/old_geofence\/wp-json\/wp\/v2\/pages\/1682"}],"collection":[{"href":"https:\/\/geofence.pl\/old_geofence\/wp-json\/wp\/v2\/pages"}],"about":[{"href":"https:\/\/geofence.pl\/old_geofence\/wp-json\/wp\/v2\/types\/page"}],"author":[{"embeddable":true,"href":"https:\/\/geofence.pl\/old_geofence\/wp-json\/wp\/v2\/users\/1"}],"replies":[{"embeddable":true,"href":"https:\/\/geofence.pl\/old_geofence\/wp-json\/wp\/v2\/comments?post=1682"}],"version-history":[{"count":17,"href":"https:\/\/geofence.pl\/old_geofence\/wp-json\/wp\/v2\/pages\/1682\/revisions"}],"predecessor-version":[{"id":1771,"href":"https:\/\/geofence.pl\/old_geofence\/wp-json\/wp\/v2\/pages\/1682\/revisions\/1771"}],"up":[{"embeddable":true,"href":"https:\/\/geofence.pl\/old_geofence\/wp-json\/wp\/v2\/pages\/545"}],"wp:attachment":[{"href":"https:\/\/geofence.pl\/old_geofence\/wp-json\/wp\/v2\/media?parent=1682"}],"curies":[{"name":"wp","href":"https:\/\/api.w.org\/{rel}","templated":true}]}}