{"id":1407,"date":"2019-06-02T07:24:09","date_gmt":"2019-06-02T07:24:09","guid":{"rendered":"http:\/\/geofence.pl\/?page_id=1407"},"modified":"2019-07-31T16:42:41","modified_gmt":"2019-07-31T16:42:41","slug":"o-firmie","status":"publish","type":"page","link":"https:\/\/geofence.pl\/old_geofence\/o-firmie\/","title":{"rendered":"O firmie"},"content":{"rendered":"<p>[vc_row][vc_column][vc_single_image image=&#8221;1723&#8243; img_size=&#8221;870&#215;500&#8243; css=&#8221;.vc_custom_1564591360341{margin-bottom: 23px !important;}&#8221;][vc_custom_heading text=&#8221;GEOFENCE&#8221; font_container=&#8221;tag:h1|font_size:20|text_align:left|color:%233c3a42&#8243; google_fonts=&#8221;font_family:Quattrocento%20Sans%3Aregular%2Citalic%2C700%2C700italic|font_style:700%20bold%20regular%3A700%3Anormal&#8221; css=&#8221;.vc_custom_1559465289389{margin-bottom: 11px !important;}&#8221;][vc_column_text css=&#8221;.vc_custom_1559465298211{margin-bottom: 12px !important;}&#8221;]Geofence to czo\u0142owy dystrybutor gabion\u00f3w, system\u00f3w paneli ogrodzeniowych, system\u00f3w bram i furtek na terenie G\u00f3rnego \u015al\u0105ska.<\/p>\n<p>Jeste\u015bmy partnerem firmy Betafence, lidera na rynku, kt\u00f3rego produkty wyr\u00f3\u017cnia modny design i unikalna jako\u015b\u0107 wykonania.<\/p>\n<p>Geofence to kompleksowa obs\u0142uga i najlepsze ceny na wysokiej jako\u015bci systemy paneli ogrodzeniowych, bramy i furtki marki Betafence.<\/p>\n<p>U nas zam\u00f3wisz modne gabiony, elewacje gabionowe, ogrodzenia gabionowe, designerskie furtki i modne bramy. [\/vc_column_text][\/vc_column][\/vc_row]<\/p>\n","protected":false},"excerpt":{"rendered":"<p>[vc_row][vc_column][vc_single_image image=&#8221;1723&#8243; img_size=&#8221;870&#215;500&#8243; css=&#8221;.vc_custom_1564591360341{margin-bottom: 23px !important;}&#8221;][vc_custom_heading text=&#8221;GEOFENCE&#8221; font_container=&#8221;tag:h1|font_size:20|text_align:left|color:%233c3a42&#8243; google_fonts=&#8221;font_family:Quattrocento%20Sans%3Aregular%2Citalic%2C700%2C700italic|font_style:700%20bold%20regular%3A700%3Anormal&#8221; css=&#8221;.vc_custom_1559465289389{margin-bottom: 11px !important;}&#8221;][vc_column_text css=&#8221;.vc_custom_1559465298211{margin-bottom: 12px !important;}&#8221;]Geofence to czo\u0142owy dystrybutor gabion\u00f3w, system\u00f3w paneli ogrodzeniowych, system\u00f3w bram i furtek na terenie G\u00f3rnego \u015al\u0105ska. Jeste\u015bmy partnerem firmy Betafence, lidera na rynku, kt\u00f3rego produkty wyr\u00f3\u017cnia modny design i unikalna jako\u015b\u0107 wykonania. Geofence to kompleksowa obs\u0142uga i najlepsze ceny na wysokiej jako\u015bci systemy [&hellip;]<\/p>\n","protected":false},"author":1,"featured_media":0,"parent":0,"menu_order":0,"comment_status":"closed","ping_status":"closed","template":"","meta":{"spay_email":""},"yoast_head":"<!-- This site is optimized with the Yoast SEO plugin v18.4.1 - https:\/\/yoast.com\/wordpress\/plugins\/seo\/ -->\n<title>O firmie - www.geofence.pl<\/title>\n<meta name=\"robots\" content=\"index, follow, max-snippet:-1, max-image-preview:large, max-video-preview:-1\" \/>\n<link rel=\"canonical\" href=\"https:\/\/geofence.pl\/old_geofence\/o-firmie\/\" \/>\n<meta property=\"og:locale\" content=\"pl_PL\" \/>\n<meta property=\"og:type\" content=\"article\" \/>\n<meta property=\"og:title\" content=\"O firmie - www.geofence.pl\" \/>\n<meta property=\"og:description\" content=\"[vc_row][vc_column][vc_single_image image=&#8221;1723&#8243; img_size=&#8221;870&#215;500&#8243; css=&#8221;.vc_custom_1564591360341{margin-bottom: 23px !important;}&#8221;][vc_custom_heading text=&#8221;GEOFENCE&#8221; font_container=&#8221;tag:h1|font_size:20|text_align:left|color:%233c3a42&#8243; google_fonts=&#8221;font_family:Quattrocento%20Sans%3Aregular%2Citalic%2C700%2C700italic|font_style:700%20bold%20regular%3A700%3Anormal&#8221; css=&#8221;.vc_custom_1559465289389{margin-bottom: 11px !important;}&#8221;][vc_column_text css=&#8221;.vc_custom_1559465298211{margin-bottom: 12px !important;}&#8221;]Geofence to czo\u0142owy dystrybutor gabion\u00f3w, system\u00f3w paneli ogrodzeniowych, system\u00f3w bram i furtek na terenie G\u00f3rnego \u015al\u0105ska. Jeste\u015bmy partnerem firmy Betafence, lidera na rynku, kt\u00f3rego produkty wyr\u00f3\u017cnia modny design i unikalna jako\u015b\u0107 wykonania. Geofence to kompleksowa obs\u0142uga i najlepsze ceny na wysokiej jako\u015bci systemy [&hellip;]\" \/>\n<meta property=\"og:url\" content=\"https:\/\/geofence.pl\/old_geofence\/o-firmie\/\" \/>\n<meta property=\"og:site_name\" content=\"www.geofence.pl\" \/>\n<meta property=\"article:modified_time\" content=\"2019-07-31T16:42:41+00:00\" \/>\n<meta name=\"twitter:card\" content=\"summary_large_image\" \/>\n<meta name=\"twitter:label1\" content=\"Szacowany czas czytania\" \/>\n\t<meta name=\"twitter:data1\" content=\"1 minuta\" \/>\n<script type=\"application\/ld+json\" class=\"yoast-schema-graph\">{\"@context\":\"https:\/\/schema.org\",\"@graph\":[{\"@type\":\"Organization\",\"@id\":\"https:\/\/geofence.pl\/old_geofence\/#organization\",\"name\":\"Robert Jordan GEO-ODWIERT Przedsi\u0119biorstwo Geologiczno-Wiertnicze\",\"url\":\"https:\/\/geofence.pl\/old_geofence\/\",\"sameAs\":[],\"logo\":{\"@type\":\"ImageObject\",\"@id\":\"https:\/\/geofence.pl\/old_geofence\/#logo\",\"inLanguage\":\"pl-PL\",\"url\":\"https:\/\/geofence.pl\/wp-content\/uploads\/2019\/06\/geo-fence-1.jpg\",\"contentUrl\":\"https:\/\/geofence.pl\/wp-content\/uploads\/2019\/06\/geo-fence-1.jpg\",\"width\":412,\"height\":167,\"caption\":\"Robert Jordan GEO-ODWIERT Przedsi\u0119biorstwo Geologiczno-Wiertnicze\"},\"image\":{\"@id\":\"https:\/\/geofence.pl\/old_geofence\/#logo\"}},{\"@type\":\"WebSite\",\"@id\":\"https:\/\/geofence.pl\/old_geofence\/#website\",\"url\":\"https:\/\/geofence.pl\/old_geofence\/\",\"name\":\"www.geofence.pl\",\"description\":\"Dystrybutor ze \u015al\u0105ska, oferujemy produkty marki Betafence\",\"publisher\":{\"@id\":\"https:\/\/geofence.pl\/old_geofence\/#organization\"},\"potentialAction\":[{\"@type\":\"SearchAction\",\"target\":{\"@type\":\"EntryPoint\",\"urlTemplate\":\"https:\/\/geofence.pl\/old_geofence\/?s={search_term_string}\"},\"query-input\":\"required name=search_term_string\"}],\"inLanguage\":\"pl-PL\"},{\"@type\":\"WebPage\",\"@id\":\"https:\/\/geofence.pl\/old_geofence\/o-firmie\/#webpage\",\"url\":\"https:\/\/geofence.pl\/old_geofence\/o-firmie\/\",\"name\":\"O firmie - www.geofence.pl\",\"isPartOf\":{\"@id\":\"https:\/\/geofence.pl\/old_geofence\/#website\"},\"datePublished\":\"2019-06-02T07:24:09+00:00\",\"dateModified\":\"2019-07-31T16:42:41+00:00\",\"breadcrumb\":{\"@id\":\"https:\/\/geofence.pl\/old_geofence\/o-firmie\/#breadcrumb\"},\"inLanguage\":\"pl-PL\",\"potentialAction\":[{\"@type\":\"ReadAction\",\"target\":[\"https:\/\/geofence.pl\/old_geofence\/o-firmie\/\"]}]},{\"@type\":\"BreadcrumbList\",\"@id\":\"https:\/\/geofence.pl\/old_geofence\/o-firmie\/#breadcrumb\",\"itemListElement\":[{\"@type\":\"ListItem\",\"position\":1,\"name\":\"Strona g\u0142\u00f3wna\",\"item\":\"https:\/\/geofence.pl\/old_geofence\/\"},{\"@type\":\"ListItem\",\"position\":2,\"name\":\"O firmie\"}]}]}<\/script>\n<!-- \/ Yoast SEO plugin. -->","yoast_head_json":{"title":"O firmie - www.geofence.pl","robots":{"index":"index","follow":"follow","max-snippet":"max-snippet:-1","max-image-preview":"max-image-preview:large","max-video-preview":"max-video-preview:-1"},"canonical":"https:\/\/geofence.pl\/old_geofence\/o-firmie\/","og_locale":"pl_PL","og_type":"article","og_title":"O firmie - www.geofence.pl","og_description":"[vc_row][vc_column][vc_single_image image=&#8221;1723&#8243; img_size=&#8221;870&#215;500&#8243; css=&#8221;.vc_custom_1564591360341{margin-bottom: 23px !important;}&#8221;][vc_custom_heading text=&#8221;GEOFENCE&#8221; font_container=&#8221;tag:h1|font_size:20|text_align:left|color:%233c3a42&#8243; google_fonts=&#8221;font_family:Quattrocento%20Sans%3Aregular%2Citalic%2C700%2C700italic|font_style:700%20bold%20regular%3A700%3Anormal&#8221; css=&#8221;.vc_custom_1559465289389{margin-bottom: 11px !important;}&#8221;][vc_column_text css=&#8221;.vc_custom_1559465298211{margin-bottom: 12px !important;}&#8221;]Geofence to czo\u0142owy dystrybutor gabion\u00f3w, system\u00f3w paneli ogrodzeniowych, system\u00f3w bram i furtek na terenie G\u00f3rnego \u015al\u0105ska. Jeste\u015bmy partnerem firmy Betafence, lidera na rynku, kt\u00f3rego produkty wyr\u00f3\u017cnia modny design i unikalna jako\u015b\u0107 wykonania. Geofence to kompleksowa obs\u0142uga i najlepsze ceny na wysokiej jako\u015bci systemy [&hellip;]","og_url":"https:\/\/geofence.pl\/old_geofence\/o-firmie\/","og_site_name":"www.geofence.pl","article_modified_time":"2019-07-31T16:42:41+00:00","twitter_card":"summary_large_image","twitter_misc":{"Szacowany czas czytania":"1 minuta"},"schema":{"@context":"https:\/\/schema.org","@graph":[{"@type":"Organization","@id":"https:\/\/geofence.pl\/old_geofence\/#organization","name":"Robert Jordan GEO-ODWIERT Przedsi\u0119biorstwo Geologiczno-Wiertnicze","url":"https:\/\/geofence.pl\/old_geofence\/","sameAs":[],"logo":{"@type":"ImageObject","@id":"https:\/\/geofence.pl\/old_geofence\/#logo","inLanguage":"pl-PL","url":"https:\/\/geofence.pl\/wp-content\/uploads\/2019\/06\/geo-fence-1.jpg","contentUrl":"https:\/\/geofence.pl\/wp-content\/uploads\/2019\/06\/geo-fence-1.jpg","width":412,"height":167,"caption":"Robert Jordan GEO-ODWIERT Przedsi\u0119biorstwo Geologiczno-Wiertnicze"},"image":{"@id":"https:\/\/geofence.pl\/old_geofence\/#logo"}},{"@type":"WebSite","@id":"https:\/\/geofence.pl\/old_geofence\/#website","url":"https:\/\/geofence.pl\/old_geofence\/","name":"www.geofence.pl","description":"Dystrybutor ze \u015al\u0105ska, oferujemy produkty marki Betafence","publisher":{"@id":"https:\/\/geofence.pl\/old_geofence\/#organization"},"potentialAction":[{"@type":"SearchAction","target":{"@type":"EntryPoint","urlTemplate":"https:\/\/geofence.pl\/old_geofence\/?s={search_term_string}"},"query-input":"required name=search_term_string"}],"inLanguage":"pl-PL"},{"@type":"WebPage","@id":"https:\/\/geofence.pl\/old_geofence\/o-firmie\/#webpage","url":"https:\/\/geofence.pl\/old_geofence\/o-firmie\/","name":"O firmie - www.geofence.pl","isPartOf":{"@id":"https:\/\/geofence.pl\/old_geofence\/#website"},"datePublished":"2019-06-02T07:24:09+00:00","dateModified":"2019-07-31T16:42:41+00:00","breadcrumb":{"@id":"https:\/\/geofence.pl\/old_geofence\/o-firmie\/#breadcrumb"},"inLanguage":"pl-PL","potentialAction":[{"@type":"ReadAction","target":["https:\/\/geofence.pl\/old_geofence\/o-firmie\/"]}]},{"@type":"BreadcrumbList","@id":"https:\/\/geofence.pl\/old_geofence\/o-firmie\/#breadcrumb","itemListElement":[{"@type":"ListItem","position":1,"name":"Strona g\u0142\u00f3wna","item":"https:\/\/geofence.pl\/old_geofence\/"},{"@type":"ListItem","position":2,"name":"O firmie"}]}]}},"_links":{"self":[{"href":"https:\/\/geofence.pl\/old_geofence\/wp-json\/wp\/v2\/pages\/1407"}],"collection":[{"href":"https:\/\/geofence.pl\/old_geofence\/wp-json\/wp\/v2\/pages"}],"about":[{"href":"https:\/\/geofence.pl\/old_geofence\/wp-json\/wp\/v2\/types\/page"}],"author":[{"embeddable":true,"href":"https:\/\/geofence.pl\/old_geofence\/wp-json\/wp\/v2\/users\/1"}],"replies":[{"embeddable":true,"href":"https:\/\/geofence.pl\/old_geofence\/wp-json\/wp\/v2\/comments?post=1407"}],"version-history":[{"count":5,"href":"https:\/\/geofence.pl\/old_geofence\/wp-json\/wp\/v2\/pages\/1407\/revisions"}],"predecessor-version":[{"id":1724,"href":"https:\/\/geofence.pl\/old_geofence\/wp-json\/wp\/v2\/pages\/1407\/revisions\/1724"}],"wp:attachment":[{"href":"https:\/\/geofence.pl\/old_geofence\/wp-json\/wp\/v2\/media?parent=1407"}],"curies":[{"name":"wp","href":"https:\/\/api.w.org\/{rel}","templated":true}]}}